{"id":54,"date":"2024-11-13T06:58:09","date_gmt":"2024-11-13T06:58:09","guid":{"rendered":"https:\/\/mariselavasquez.es\/index.php\/services\/"},"modified":"2026-02-23T15:02:40","modified_gmt":"2026-02-23T15:02:40","slug":"services","status":"publish","type":"page","link":"https:\/\/mariselavasquez.es\/en\/services\/","title":{"rendered":"Servicios"},"content":{"rendered":"<div data-elementor-type=\"wp-page\" data-elementor-id=\"54\" class=\"elementor elementor-54\" data-elementor-post-type=\"page\">\n\t\t\t\t<div class=\"elementor-element elementor-element-5d2de0b6 e-flex e-con-boxed e-con e-parent\" data-id=\"5d2de0b6\" data-element_type=\"container\">\n\t\t\t\t\t<div class=\"e-con-inner\">\n\t\t\t\t<div class=\"elementor-element elementor-element-bf74b elementor-widget elementor-widget-image\" data-id=\"bf74b\" data-element_type=\"widget\" data-settings=\"{&quot;motion_fx_motion_fx_scrolling&quot;:&quot;yes&quot;,&quot;motion_fx_scale_effect&quot;:&quot;yes&quot;,&quot;motion_fx_scale_speed&quot;:{&quot;unit&quot;:&quot;px&quot;,&quot;size&quot;:2,&quot;sizes&quot;:[]},&quot;motion_fx_scale_range&quot;:{&quot;unit&quot;:&quot;%&quot;,&quot;size&quot;:&quot;&quot;,&quot;sizes&quot;:{&quot;start&quot;:65,&quot;end&quot;:100}},&quot;motion_fx_scale_direction&quot;:&quot;out-in&quot;,&quot;motion_fx_devices&quot;:[&quot;desktop&quot;,&quot;tablet&quot;,&quot;mobile&quot;]}\" data-widget_type=\"image.default\">\n\t\t\t\t<div class=\"elementor-widget-container\">\n\t\t\t\t\t\t\t\t\t\t\t\t\t<img fetchpriority=\"high\" decoding=\"async\" width=\"2560\" height=\"1709\" src=\"https:\/\/mariselavasquez.es\/wp-content\/uploads\/2024\/11\/RAB_9451-1-scaled.jpg\" class=\"attachment-full size-full wp-image-230\" alt=\"\" srcset=\"https:\/\/mariselavasquez.es\/wp-content\/uploads\/2024\/11\/RAB_9451-1-scaled.jpg 2560w, https:\/\/mariselavasquez.es\/wp-content\/uploads\/2024\/11\/RAB_9451-1-300x200.jpg 300w, https:\/\/mariselavasquez.es\/wp-content\/uploads\/2024\/11\/RAB_9451-1-1024x683.jpg 1024w, https:\/\/mariselavasquez.es\/wp-content\/uploads\/2024\/11\/RAB_9451-1-768x513.jpg 768w, https:\/\/mariselavasquez.es\/wp-content\/uploads\/2024\/11\/RAB_9451-1-1536x1025.jpg 1536w, https:\/\/mariselavasquez.es\/wp-content\/uploads\/2024\/11\/RAB_9451-1-2048x1367.jpg 2048w\" sizes=\"(max-width: 2560px) 100vw, 2560px\" \/>\t\t\t\t\t\t\t\t\t\t\t\t\t<\/div>\n\t\t\t\t<\/div>\n\t\t\t\t\t<\/div>\n\t\t\t\t<\/div>\n\t\t<div class=\"elementor-element elementor-element-ba39e59 e-flex e-con-boxed e-con e-parent\" data-id=\"ba39e59\" data-element_type=\"container\">\n\t\t\t\t\t<div class=\"e-con-inner\">\n\t\t\t\t<div class=\"elementor-element elementor-element-b6f92ad elementor-invisible elementor-widget elementor-widget-text-editor\" data-id=\"b6f92ad\" data-element_type=\"widget\" data-settings=\"{&quot;_animation&quot;:&quot;fadeInUp&quot;}\" data-widget_type=\"text-editor.default\">\n\t\t\t\t<div class=\"elementor-widget-container\">\n\t\t\t\t\t\t\t<p><span style=\"font-weight: 400;\">Lo que puedo hacer por ti<\/span><\/p>\t\t\t\t\t\t<\/div>\n\t\t\t\t<\/div>\n\t\t\t\t<div class=\"elementor-element elementor-element-3450cd4 elementor-invisible elementor-widget elementor-widget-text-editor\" data-id=\"3450cd4\" data-element_type=\"widget\" data-settings=\"{&quot;_animation&quot;:&quot;fadeInUp&quot;}\" data-widget_type=\"text-editor.default\">\n\t\t\t\t<div class=\"elementor-widget-container\">\n\t\t\t\t\t\t\t<p data-start=\"302\" data-end=\"344\">Trabajo con orden, prop\u00f3sito y estrategia.<\/p><p data-start=\"346\" data-end=\"406\">Primero claridad.<br data-start=\"363\" data-end=\"366\" \/>Despu\u00e9s decisiones.<br data-start=\"385\" data-end=\"388\" \/>Luego crecimiento.<\/p><p data-start=\"408\" data-end=\"476\">Estructuramos tu negocio.<br data-start=\"433\" data-end=\"436\" \/>Y, cuando tiene sentido, lo financiamos.<\/p>\t\t\t\t\t\t<\/div>\n\t\t\t\t<\/div>\n\t\t\t\t\t<\/div>\n\t\t\t\t<\/div>\n\t\t<div class=\"elementor-element elementor-element-505770a e-flex e-con-boxed e-con e-parent\" data-id=\"505770a\" data-element_type=\"container\" data-settings=\"{&quot;background_background&quot;:&quot;classic&quot;}\">\n\t\t\t\t\t<div class=\"e-con-inner\">\n\t\t<div class=\"elementor-element elementor-element-2725fb9 e-con-full e-flex e-con e-child\" data-id=\"2725fb9\" data-element_type=\"container\">\n\t\t\t\t<div class=\"elementor-element elementor-element-b1641e9 elementor-widget elementor-widget-heading\" data-id=\"b1641e9\" data-element_type=\"widget\" data-widget_type=\"heading.default\">\n\t\t\t\t<div class=\"elementor-widget-container\">\n\t\t\t<h2 class=\"elementor-heading-title elementor-size-default\">Servicios<\/h2>\t\t<\/div>\n\t\t\t\t<\/div>\n\t\t\t\t<div class=\"elementor-element elementor-element-216b5e9 elementor-widget elementor-widget-text-editor\" data-id=\"216b5e9\" data-element_type=\"widget\" data-widget_type=\"text-editor.default\">\n\t\t\t\t<div class=\"elementor-widget-container\">\n\t\t\t\t\t\t\t<p>Ideal si:<\/p><ul><li>Est\u00e1s empezando desde cero<\/li><li>Tu negocio est\u00e1 estancado<\/li><li>Necesitas capital para abrir o crecer<\/li><\/ul>\t\t\t\t\t\t<\/div>\n\t\t\t\t<\/div>\n\t\t\t\t<\/div>\n\t\t<div class=\"elementor-element elementor-element-61f9c89 e-con-full e-flex e-con e-child\" data-id=\"61f9c89\" data-element_type=\"container\">\n\t\t<div class=\"elementor-element elementor-element-3ab338a e-con-full e-flex e-con e-child\" data-id=\"3ab338a\" data-element_type=\"container\">\n\t\t\t\t<div class=\"elementor-element elementor-element-a71cdbf elementor-view-default elementor-position-top elementor-mobile-position-top elementor-invisible elementor-widget elementor-widget-icon-box\" data-id=\"a71cdbf\" data-element_type=\"widget\" data-settings=\"{&quot;_animation&quot;:&quot;fadeInUp&quot;}\" data-widget_type=\"icon-box.default\">\n\t\t\t\t<div class=\"elementor-widget-container\">\n\t\t\t\t\t<div class=\"elementor-icon-box-wrapper\">\n\n\t\t\t\t\t\t<div class=\"elementor-icon-box-icon\">\n\t\t\t\t<span  class=\"elementor-icon elementor-animation-\">\n\t\t\t\t<svg aria-hidden=\"true\" class=\"e-font-icon-svg e-fas-business-time\" viewbox=\"0 0 640 512\" xmlns=\"http:\/\/www.w3.org\/2000\/svg\"><path d=\"M496 224c-79.59 0-144 64.41-144 144s64.41 144 144 144 144-64.41 144-144-64.41-144-144-144zm64 150.29c0 5.34-4.37 9.71-9.71 9.71h-60.57c-5.34 0-9.71-4.37-9.71-9.71v-76.57c0-5.34 4.37-9.71 9.71-9.71h12.57c5.34 0 9.71 4.37 9.71 9.71V352h38.29c5.34 0 9.71 4.37 9.71 9.71v12.58zM496 192c5.4 0 10.72.33 16 .81V144c0-25.6-22.4-48-48-48h-80V48c0-25.6-22.4-48-48-48H176c-25.6 0-48 22.4-48 48v48H48c-25.6 0-48 22.4-48 48v80h395.12c28.6-20.09 63.35-32 100.88-32zM320 96H192V64h128v32zm6.82 224H208c-8.84 0-16-7.16-16-16v-48H0v144c0 25.6 22.4 48 48 48h291.43C327.1 423.96 320 396.82 320 368c0-16.66 2.48-32.72 6.82-48z\"><\/path><\/svg>\t\t\t\t<\/span>\n\t\t\t<\/div>\n\t\t\t\n\t\t\t\t\t\t<div class=\"elementor-icon-box-content\">\n\n\t\t\t\t\t\t\t\t\t<h4 class=\"elementor-icon-box-title\">\n\t\t\t\t\t\t<span  >\n\t\t\t\t\t\t\tNegocio financiado (Estrategia + capital)\t\t\t\t\t\t<\/span>\n\t\t\t\t\t<\/h4>\n\t\t\t\t\n\t\t\t\t\t\t\t\t\t<p class=\"elementor-icon-box-description\">\n\t\t\t\t\t\tTe acompa\u00f1o en la estrategia, plan de empresa y el proceso (hasta 50k) .\t\t\t\t\t<\/p>\n\t\t\t\t\n\t\t\t<\/div>\n\t\t\t\n\t\t<\/div>\n\t\t\t\t<\/div>\n\t\t\t\t<\/div>\n\t\t\t\t<div class=\"elementor-element elementor-element-34c5115 elementor-tablet-align-center elementor-widget-mobile__width-inherit elementor-align-center elementor-widget__width-initial elementor-invisible elementor-widget elementor-widget-button\" data-id=\"34c5115\" data-element_type=\"widget\" data-settings=\"{&quot;_animation&quot;:&quot;fadeInDown&quot;}\" data-widget_type=\"button.default\">\n\t\t\t\t<div class=\"elementor-widget-container\">\n\t\t\t\t\t\t\t<div class=\"elementor-button-wrapper\">\n\t\t\t\t\t<a class=\"elementor-button elementor-button-link elementor-size-sm\" href=\"https:\/\/mariselavasquez.es\/en\/services\/financiacion-emprendedores\/\">\n\t\t\t\t\t\t<span class=\"elementor-button-content-wrapper\">\n\t\t\t\t\t\t\t\t\t<span class=\"elementor-button-text\">Ver c\u00f3mo funciona<\/span>\n\t\t\t\t\t<\/span>\n\t\t\t\t\t<\/a>\n\t\t\t\t<\/div>\n\t\t\t\t\t\t<\/div>\n\t\t\t\t<\/div>\n\t\t\t\t<\/div>\n\t\t<div class=\"elementor-element elementor-element-39031b7 e-con-full e-flex e-con e-child\" data-id=\"39031b7\" data-element_type=\"container\">\n\t\t\t\t<div class=\"elementor-element elementor-element-096fe49 elementor-view-default elementor-position-top elementor-mobile-position-top elementor-invisible elementor-widget elementor-widget-icon-box\" data-id=\"096fe49\" data-element_type=\"widget\" data-settings=\"{&quot;_animation&quot;:&quot;fadeInDown&quot;}\" data-widget_type=\"icon-box.default\">\n\t\t\t\t<div class=\"elementor-widget-container\">\n\t\t\t\t\t<div class=\"elementor-icon-box-wrapper\">\n\n\t\t\t\t\t\t<div class=\"elementor-icon-box-icon\">\n\t\t\t\t<span  class=\"elementor-icon elementor-animation-\">\n\t\t\t\t<svg xmlns=\"http:\/\/www.w3.org\/2000\/svg\" id=\"Layer_1\" data-name=\"Layer 1\" viewbox=\"0 0 24 24\"><path d=\"m4.5,5c1.379,0,2.5-1.122,2.5-2.5S5.879,0,4.5,0s-2.5,1.122-2.5,2.5,1.121,2.5,2.5,2.5Zm0-4c.827,0,1.5.673,1.5,1.5s-.673,1.5-1.5,1.5-1.5-.673-1.5-1.5.673-1.5,1.5-1.5Z\"><\/path><path d=\"m10.14,12.347c.099.102.229.153.36.153.125,0,.25-.046.347-.14.199-.191.205-.508.014-.707l-1.593-1.653h6.233c.276,0,.5-.224.5-.5s-.224-.5-.5-.5h-6.232l1.593-1.653c.191-.199.186-.515-.014-.707-.197-.192-.513-.186-.707.013l-1.686,1.75c-.604.605-.604,1.588-.007,2.187l1.692,1.757Z\"><\/path><path d=\"m13.86,11.653c-.193-.198-.509-.205-.707-.013-.199.191-.205.508-.014.707l1.593,1.653h-6.233c-.276,0-.5.224-.5.5s.224.5.5.5h6.232l-1.593,1.653c-.191.199-.186.515.014.707.097.094.222.14.347.14.131,0,.262-.051.36-.153l1.686-1.75c.604-.605.604-1.588.007-2.187l-1.692-1.757Z\"><\/path><path d=\"m19.5,5c1.379,0,2.5-1.122,2.5-2.5s-1.121-2.5-2.5-2.5-2.5,1.122-2.5,2.5,1.121,2.5,2.5,2.5Zm0-4c.827,0,1.5.673,1.5,1.5s-.673,1.5-1.5,1.5-1.5-.673-1.5-1.5.673-1.5,1.5-1.5Z\"><\/path><path d=\"m7.25,6.469c-.529-.307-1.135-.469-1.75-.469h-2c-1.93,0-3.5,1.57-3.5,3.5v4c0,1.391.822,2.585,2,3.149v6.851c0,.276.224.5.5.5s.5-.224.5-.5v-6.551c.165.024.329.051.5.051h2c.168,0,.335-.012.5-.036v6.536c0,.276.224.5.5.5s.5-.224.5-.5v-7.171c0-.163-.079-.314-.212-.408-.132-.094-.303-.116-.455-.063-.266.094-.546.142-.833.142h-2c-1.379,0-2.5-1.122-2.5-2.5v-4c0-1.378,1.121-2.5,2.5-2.5h2c.439,0,.872.116,1.25.334.237.139.544.057.683-.182s.057-.545-.183-.683Z\"><\/path><path d=\"m20.5,6h-2c-.692,0-1.361.202-1.936.584-.229.153-.292.463-.139.693.152.23.462.292.693.139.409-.272.887-.416,1.381-.416h2c1.379,0,2.5,1.122,2.5,2.5v4c0,1.378-1.121,2.5-2.5,2.5h-2c-.287,0-.567-.048-.833-.142-.152-.053-.322-.031-.455.063s-.212.246-.212.408v7.171c0,.276.224.5.5.5s.5-.224.5-.5v-6.536c.165.024.332.036.5.036h2c.171,0,.335-.027.5-.051v6.551c0,.276.224.5.5.5s.5-.224.5-.5v-6.851c1.178-.564,2-1.758,2-3.149v-4c0-1.93-1.57-3.5-3.5-3.5Z\"><\/path><\/svg>\t\t\t\t<\/span>\n\t\t\t<\/div>\n\t\t\t\n\t\t\t\t\t\t<div class=\"elementor-icon-box-content\">\n\n\t\t\t\t\t\t\t\t\t<h4 class=\"elementor-icon-box-title\">\n\t\t\t\t\t\t<span  >\n\t\t\t\t\t\t\tNegocio viable (Mentor\u00eda estrat\u00e9gica 1:1)\t\t\t\t\t\t<\/span>\n\t\t\t\t\t<\/h4>\n\t\t\t\t\n\t\t\t\t\t\t\t\t\t<p class=\"elementor-icon-box-description\">\n\t\t\t\t\t\tEstructura estrat\u00e9gica para que tu modelo tenga sentido y direcci\u00f3n.\t\t\t\t\t<\/p>\n\t\t\t\t\n\t\t\t<\/div>\n\t\t\t\n\t\t<\/div>\n\t\t\t\t<\/div>\n\t\t\t\t<\/div>\n\t\t\t\t<div class=\"elementor-element elementor-element-1480684 elementor-tablet-align-center elementor-widget-mobile__width-inherit elementor-align-center elementor-widget__width-initial elementor-invisible elementor-widget elementor-widget-button\" data-id=\"1480684\" data-element_type=\"widget\" data-settings=\"{&quot;_animation&quot;:&quot;fadeInDown&quot;}\" data-widget_type=\"button.default\">\n\t\t\t\t<div class=\"elementor-widget-container\">\n\t\t\t\t\t\t\t<div class=\"elementor-button-wrapper\">\n\t\t\t\t\t<a class=\"elementor-button elementor-button-link elementor-size-sm\" href=\"https:\/\/mariselavasquez.es\/en\/services\/mentoria-1-1-para-emprendedores\/\">\n\t\t\t\t\t\t<span class=\"elementor-button-content-wrapper\">\n\t\t\t\t\t\t\t\t\t<span class=\"elementor-button-text\">Ver intervenci\u00f3n completa<\/span>\n\t\t\t\t\t<\/span>\n\t\t\t\t\t<\/a>\n\t\t\t\t<\/div>\n\t\t\t\t\t\t<\/div>\n\t\t\t\t<\/div>\n\t\t\t\t<\/div>\n\t\t\t\t<\/div>\n\t\t\t\t\t<\/div>\n\t\t\t\t<\/div>\n\t\t<div class=\"elementor-element elementor-element-6d240b74 e-flex e-con-boxed e-con e-parent\" data-id=\"6d240b74\" data-element_type=\"container\">\n\t\t\t\t\t<div class=\"e-con-inner\">\n\t\t<div class=\"elementor-element elementor-element-1cbf0ad7 e-con-full e-flex e-con e-child\" data-id=\"1cbf0ad7\" data-element_type=\"container\">\n\t\t\t\t<div class=\"elementor-element elementor-element-3bde6d74 elementor-widget elementor-widget-heading\" data-id=\"3bde6d74\" data-element_type=\"widget\" data-widget_type=\"heading.default\">\n\t\t\t\t<div class=\"elementor-widget-container\">\n\t\t\t<h2 class=\"elementor-heading-title elementor-size-default\">\ud83d\udca1<span style=\"letter-spacing: -0.3px;text-align: var(--text-align);background-color: var( --e-global-color-a983356 )\">Impulso migrante<\/span><\/h2>\t\t<\/div>\n\t\t\t\t<\/div>\n\t\t\t\t<div class=\"elementor-element elementor-element-dc2258e elementor-widget elementor-widget-heading\" data-id=\"dc2258e\" data-element_type=\"widget\" data-widget_type=\"heading.default\">\n\t\t\t\t<div class=\"elementor-widget-container\">\n\t\t\t<h2 class=\"elementor-heading-title elementor-size-default\">Mi compromiso con el emprendimiento liderado por mujeres migrantes.\n<\/h2>\t\t<\/div>\n\t\t\t\t<\/div>\n\t\t\t\t<\/div>\n\t\t<div class=\"elementor-element elementor-element-720605b3 e-con-full e-flex e-con e-child\" data-id=\"720605b3\" data-element_type=\"container\">\n\t\t<div class=\"elementor-element elementor-element-2f33558b e-con-full e-flex e-con e-child\" data-id=\"2f33558b\" data-element_type=\"container\">\n\t\t\t\t<div class=\"elementor-element elementor-element-e1944d1 elementor-widget elementor-widget-text-editor\" data-id=\"e1944d1\" data-element_type=\"widget\" data-widget_type=\"text-editor.default\">\n\t\t\t\t<div class=\"elementor-widget-container\">\n\t\t\t\t\t\t\t<p data-start=\"1696\" data-end=\"1831\">Ofrezco un <strong>15% de descuento en la Mentor\u00eda estrat\u00e9gica 1:1<\/strong> para mujeres migrantes que quieran lanzar o consolidar su negocio en Espa\u00f1a.<\/p>\t\t\t\t\t\t<\/div>\n\t\t\t\t<\/div>\n\t\t\t\t<div class=\"elementor-element elementor-element-02213b8 elementor-tablet-align-center elementor-widget-mobile__width-inherit elementor-align-left elementor-widget__width-initial elementor-invisible elementor-widget elementor-widget-button\" data-id=\"02213b8\" data-element_type=\"widget\" data-settings=\"{&quot;_animation&quot;:&quot;fadeInDown&quot;}\" data-widget_type=\"button.default\">\n\t\t\t\t<div class=\"elementor-widget-container\">\n\t\t\t\t\t\t\t<div class=\"elementor-button-wrapper\">\n\t\t\t\t\t<a class=\"elementor-button elementor-button-link elementor-size-sm\" href=\"https:\/\/calendly.com\/20minconmarisela\/mariselavasquez\">\n\t\t\t\t\t\t<span class=\"elementor-button-content-wrapper\">\n\t\t\t\t\t\t\t\t\t<span class=\"elementor-button-text\">Solicitar informaci\u00f3n<\/span>\n\t\t\t\t\t<\/span>\n\t\t\t\t\t<\/a>\n\t\t\t\t<\/div>\n\t\t\t\t\t\t<\/div>\n\t\t\t\t<\/div>\n\t\t\t\t<\/div>\n\t\t\t\t<\/div>\n\t\t\t\t\t<\/div>\n\t\t\t\t<\/div>\n\t\t<div class=\"elementor-element elementor-element-2abfac1 e-flex e-con-boxed e-con e-parent\" data-id=\"2abfac1\" data-element_type=\"container\">\n\t\t\t\t\t<div class=\"e-con-inner\">\n\t\t\t\t\t<\/div>\n\t\t\t\t<\/div>\n\t\t\t\t<\/div>","protected":false},"excerpt":{"rendered":"<p>Lo que puedo hacer por ti Trabajo con orden, prop\u00f3sito y estrategia. Primero claridad.Despu\u00e9s decisiones.Luego crecimiento. Estructuramos tu negocio.Y, cuando tiene sentido, lo financiamos. Servicios Ideal si: Est\u00e1s empezando desde cero Tu negocio est\u00e1 estancado Necesitas capital para abrir o crecer Negocio financiado (Estrategia + capital) Te acompa\u00f1o en la estrategia, plan de empresa y [&hellip;]<\/p>","protected":false},"author":1,"featured_media":0,"parent":0,"menu_order":0,"comment_status":"closed","ping_status":"closed","template":"elementor_header_footer","meta":{"footnotes":""},"class_list":["post-54","page","type-page","status-publish","hentry"],"yoast_head":"<!-- This site is optimized with the Yoast SEO plugin v24.0 - https:\/\/yoast.com\/wordpress\/plugins\/seo\/ -->\n<title>Lo que puedo hacer por ti<\/title>\n<meta name=\"description\" content=\"Te ayudo a obtener la financiaci\u00f3n que necesitas y a tomar decisiones estrat\u00e9gicas para avanzar con confianza.\" \/>\n<meta name=\"robots\" content=\"index, follow, max-snippet:-1, max-image-preview:large, max-video-preview:-1\" \/>\n<link rel=\"canonical\" href=\"https:\/\/mariselavasquez.es\/en\/services\/\" \/>\n<meta property=\"og:locale\" content=\"en_US\" \/>\n<meta property=\"og:type\" content=\"article\" \/>\n<meta property=\"og:title\" content=\"Lo que puedo hacer por ti\" \/>\n<meta property=\"og:description\" content=\"Te ayudo a obtener la financiaci\u00f3n que necesitas y a tomar decisiones estrat\u00e9gicas para avanzar con confianza.\" \/>\n<meta property=\"og:url\" content=\"https:\/\/mariselavasquez.es\/en\/services\/\" \/>\n<meta property=\"og:site_name\" content=\"Marisela Vasquez\" \/>\n<meta property=\"article:modified_time\" content=\"2026-02-23T15:02:40+00:00\" \/>\n<meta property=\"og:image\" content=\"https:\/\/mariselavasquez.es\/wp-content\/uploads\/2024\/11\/RAB_9451-1-scaled.jpg\" \/>\n\t<meta property=\"og:image:width\" content=\"2560\" \/>\n\t<meta property=\"og:image:height\" content=\"1709\" \/>\n\t<meta property=\"og:image:type\" content=\"image\/jpeg\" \/>\n<meta name=\"twitter:card\" content=\"summary_large_image\" \/>\n<meta name=\"twitter:label1\" content=\"Est. reading time\" \/>\n\t<meta name=\"twitter:data1\" content=\"1 minute\" \/>\n<script type=\"application\/ld+json\" class=\"yoast-schema-graph\">{\"@context\":\"https:\/\/schema.org\",\"@graph\":[{\"@type\":\"WebPage\",\"@id\":\"https:\/\/mariselavasquez.es\/services\/\",\"url\":\"https:\/\/mariselavasquez.es\/services\/\",\"name\":\"Lo que puedo hacer por ti\",\"isPartOf\":{\"@id\":\"https:\/\/mariselavasquez.es\/#website\"},\"primaryImageOfPage\":{\"@id\":\"https:\/\/mariselavasquez.es\/services\/#primaryimage\"},\"image\":{\"@id\":\"https:\/\/mariselavasquez.es\/services\/#primaryimage\"},\"thumbnailUrl\":\"https:\/\/mariselavasquez.es\/wp-content\/uploads\/2024\/11\/RAB_9451-1-scaled.jpg\",\"datePublished\":\"2024-11-13T06:58:09+00:00\",\"dateModified\":\"2026-02-23T15:02:40+00:00\",\"description\":\"Te ayudo a obtener la financiaci\u00f3n que necesitas y a tomar decisiones estrat\u00e9gicas para avanzar con confianza.\",\"breadcrumb\":{\"@id\":\"https:\/\/mariselavasquez.es\/services\/#breadcrumb\"},\"inLanguage\":\"en-US\",\"potentialAction\":[{\"@type\":\"ReadAction\",\"target\":[\"https:\/\/mariselavasquez.es\/services\/\"]}]},{\"@type\":\"ImageObject\",\"inLanguage\":\"en-US\",\"@id\":\"https:\/\/mariselavasquez.es\/services\/#primaryimage\",\"url\":\"https:\/\/mariselavasquez.es\/wp-content\/uploads\/2024\/11\/RAB_9451-1-scaled.jpg\",\"contentUrl\":\"https:\/\/mariselavasquez.es\/wp-content\/uploads\/2024\/11\/RAB_9451-1-scaled.jpg\"},{\"@type\":\"BreadcrumbList\",\"@id\":\"https:\/\/mariselavasquez.es\/services\/#breadcrumb\",\"itemListElement\":[{\"@type\":\"ListItem\",\"position\":1,\"name\":\"Home\",\"item\":\"https:\/\/mariselavasquez.es\/\"},{\"@type\":\"ListItem\",\"position\":2,\"name\":\"Servicios\"}]},{\"@type\":\"WebSite\",\"@id\":\"https:\/\/mariselavasquez.es\/#website\",\"url\":\"https:\/\/mariselavasquez.es\/\",\"name\":\"Marisela Vasquez\",\"description\":\"\",\"publisher\":{\"@id\":\"https:\/\/mariselavasquez.es\/#organization\"},\"potentialAction\":[{\"@type\":\"SearchAction\",\"target\":{\"@type\":\"EntryPoint\",\"urlTemplate\":\"https:\/\/mariselavasquez.es\/?s={search_term_string}\"},\"query-input\":{\"@type\":\"PropertyValueSpecification\",\"valueRequired\":true,\"valueName\":\"search_term_string\"}}],\"inLanguage\":\"en-US\"},{\"@type\":\"Organization\",\"@id\":\"https:\/\/mariselavasquez.es\/#organization\",\"name\":\"Marisela Vasquez\",\"url\":\"https:\/\/mariselavasquez.es\/\",\"logo\":{\"@type\":\"ImageObject\",\"inLanguage\":\"en-US\",\"@id\":\"https:\/\/mariselavasquez.es\/#\/schema\/logo\/image\/\",\"url\":\"https:\/\/mariselavasquez.es\/wp-content\/uploads\/2024\/11\/Marisela-Logo-azul-.png\",\"contentUrl\":\"https:\/\/mariselavasquez.es\/wp-content\/uploads\/2024\/11\/Marisela-Logo-azul-.png\",\"width\":527,\"height\":194,\"caption\":\"Marisela Vasquez\"},\"image\":{\"@id\":\"https:\/\/mariselavasquez.es\/#\/schema\/logo\/image\/\"}}]}<\/script>\n<!-- \/ Yoast SEO plugin. -->","yoast_head_json":{"title":"Lo que puedo hacer por ti","description":"Te ayudo a obtener la financiaci\u00f3n que necesitas y a tomar decisiones estrat\u00e9gicas para avanzar con confianza.","robots":{"index":"index","follow":"follow","max-snippet":"max-snippet:-1","max-image-preview":"max-image-preview:large","max-video-preview":"max-video-preview:-1"},"canonical":"https:\/\/mariselavasquez.es\/en\/services\/","og_locale":"en_US","og_type":"article","og_title":"Lo que puedo hacer por ti","og_description":"Te ayudo a obtener la financiaci\u00f3n que necesitas y a tomar decisiones estrat\u00e9gicas para avanzar con confianza.","og_url":"https:\/\/mariselavasquez.es\/en\/services\/","og_site_name":"Marisela Vasquez","article_modified_time":"2026-02-23T15:02:40+00:00","og_image":[{"width":2560,"height":1709,"url":"https:\/\/mariselavasquez.es\/wp-content\/uploads\/2024\/11\/RAB_9451-1-scaled.jpg","type":"image\/jpeg"}],"twitter_card":"summary_large_image","twitter_misc":{"Est. reading time":"1 minute"},"schema":{"@context":"https:\/\/schema.org","@graph":[{"@type":"WebPage","@id":"https:\/\/mariselavasquez.es\/services\/","url":"https:\/\/mariselavasquez.es\/services\/","name":"Lo que puedo hacer por ti","isPartOf":{"@id":"https:\/\/mariselavasquez.es\/#website"},"primaryImageOfPage":{"@id":"https:\/\/mariselavasquez.es\/services\/#primaryimage"},"image":{"@id":"https:\/\/mariselavasquez.es\/services\/#primaryimage"},"thumbnailUrl":"https:\/\/mariselavasquez.es\/wp-content\/uploads\/2024\/11\/RAB_9451-1-scaled.jpg","datePublished":"2024-11-13T06:58:09+00:00","dateModified":"2026-02-23T15:02:40+00:00","description":"Te ayudo a obtener la financiaci\u00f3n que necesitas y a tomar decisiones estrat\u00e9gicas para avanzar con confianza.","breadcrumb":{"@id":"https:\/\/mariselavasquez.es\/services\/#breadcrumb"},"inLanguage":"en-US","potentialAction":[{"@type":"ReadAction","target":["https:\/\/mariselavasquez.es\/services\/"]}]},{"@type":"ImageObject","inLanguage":"en-US","@id":"https:\/\/mariselavasquez.es\/services\/#primaryimage","url":"https:\/\/mariselavasquez.es\/wp-content\/uploads\/2024\/11\/RAB_9451-1-scaled.jpg","contentUrl":"https:\/\/mariselavasquez.es\/wp-content\/uploads\/2024\/11\/RAB_9451-1-scaled.jpg"},{"@type":"BreadcrumbList","@id":"https:\/\/mariselavasquez.es\/services\/#breadcrumb","itemListElement":[{"@type":"ListItem","position":1,"name":"Home","item":"https:\/\/mariselavasquez.es\/"},{"@type":"ListItem","position":2,"name":"Servicios"}]},{"@type":"WebSite","@id":"https:\/\/mariselavasquez.es\/#website","url":"https:\/\/mariselavasquez.es\/","name":"Marisela Vasquez","description":"","publisher":{"@id":"https:\/\/mariselavasquez.es\/#organization"},"potentialAction":[{"@type":"SearchAction","target":{"@type":"EntryPoint","urlTemplate":"https:\/\/mariselavasquez.es\/?s={search_term_string}"},"query-input":{"@type":"PropertyValueSpecification","valueRequired":true,"valueName":"search_term_string"}}],"inLanguage":"en-US"},{"@type":"Organization","@id":"https:\/\/mariselavasquez.es\/#organization","name":"Marisela Vasquez","url":"https:\/\/mariselavasquez.es\/","logo":{"@type":"ImageObject","inLanguage":"en-US","@id":"https:\/\/mariselavasquez.es\/#\/schema\/logo\/image\/","url":"https:\/\/mariselavasquez.es\/wp-content\/uploads\/2024\/11\/Marisela-Logo-azul-.png","contentUrl":"https:\/\/mariselavasquez.es\/wp-content\/uploads\/2024\/11\/Marisela-Logo-azul-.png","width":527,"height":194,"caption":"Marisela Vasquez"},"image":{"@id":"https:\/\/mariselavasquez.es\/#\/schema\/logo\/image\/"}}]}},"_links":{"self":[{"href":"https:\/\/mariselavasquez.es\/en\/wp-json\/wp\/v2\/pages\/54","targetHints":{"allow":["GET"]}}],"collection":[{"href":"https:\/\/mariselavasquez.es\/en\/wp-json\/wp\/v2\/pages"}],"about":[{"href":"https:\/\/mariselavasquez.es\/en\/wp-json\/wp\/v2\/types\/page"}],"author":[{"embeddable":true,"href":"https:\/\/mariselavasquez.es\/en\/wp-json\/wp\/v2\/users\/1"}],"replies":[{"embeddable":true,"href":"https:\/\/mariselavasquez.es\/en\/wp-json\/wp\/v2\/comments?post=54"}],"version-history":[{"count":164,"href":"https:\/\/mariselavasquez.es\/en\/wp-json\/wp\/v2\/pages\/54\/revisions"}],"predecessor-version":[{"id":2284,"href":"https:\/\/mariselavasquez.es\/en\/wp-json\/wp\/v2\/pages\/54\/revisions\/2284"}],"wp:attachment":[{"href":"https:\/\/mariselavasquez.es\/en\/wp-json\/wp\/v2\/media?parent=54"}],"curies":[{"name":"wp","href":"https:\/\/api.w.org\/{rel}","templated":true}]}}