{"id":287,"date":"2024-11-22T00:07:34","date_gmt":"2024-11-22T00:07:34","guid":{"rendered":"https:\/\/mariselavasquez.es\/?page_id=287"},"modified":"2026-03-09T16:35:46","modified_gmt":"2026-03-09T16:35:46","slug":"mentoria-1-1-para-emprendedores","status":"publish","type":"page","link":"https:\/\/mariselavasquez.es\/en\/services\/mentoria-1-1-para-emprendedores\/","title":{"rendered":"Mentor\u00eda estrat\u00e9gica 1:1"},"content":{"rendered":"<div data-elementor-type=\"wp-page\" data-elementor-id=\"287\" class=\"elementor elementor-287\" data-elementor-post-type=\"page\">\n\t\t\t\t<div class=\"elementor-element elementor-element-de85b38 e-flex e-con-boxed e-con e-parent\" data-id=\"de85b38\" data-element_type=\"container\">\n\t\t\t\t\t<div class=\"e-con-inner\">\n\t\t\t\t<div class=\"elementor-element elementor-element-5fc3135 elementor-widget elementor-widget-image\" data-id=\"5fc3135\" data-element_type=\"widget\" data-settings=\"{&quot;motion_fx_motion_fx_scrolling&quot;:&quot;yes&quot;,&quot;motion_fx_scale_effect&quot;:&quot;yes&quot;,&quot;motion_fx_scale_speed&quot;:{&quot;unit&quot;:&quot;px&quot;,&quot;size&quot;:2,&quot;sizes&quot;:[]},&quot;motion_fx_scale_range&quot;:{&quot;unit&quot;:&quot;%&quot;,&quot;size&quot;:&quot;&quot;,&quot;sizes&quot;:{&quot;start&quot;:65,&quot;end&quot;:100}},&quot;motion_fx_scale_direction&quot;:&quot;out-in&quot;,&quot;motion_fx_devices&quot;:[&quot;desktop&quot;,&quot;tablet&quot;,&quot;mobile&quot;]}\" data-widget_type=\"image.default\">\n\t\t\t\t<div class=\"elementor-widget-container\">\n\t\t\t\t\t\t\t\t\t\t\t\t\t<img fetchpriority=\"high\" decoding=\"async\" width=\"2560\" height=\"1709\" src=\"https:\/\/mariselavasquez.es\/wp-content\/uploads\/2025\/01\/RAB_9459-scaled.jpg\" class=\"attachment-full size-full wp-image-1479\" alt=\"\" srcset=\"https:\/\/mariselavasquez.es\/wp-content\/uploads\/2025\/01\/RAB_9459-scaled.jpg 2560w, https:\/\/mariselavasquez.es\/wp-content\/uploads\/2025\/01\/RAB_9459-300x200.jpg 300w, https:\/\/mariselavasquez.es\/wp-content\/uploads\/2025\/01\/RAB_9459-1024x683.jpg 1024w, https:\/\/mariselavasquez.es\/wp-content\/uploads\/2025\/01\/RAB_9459-768x513.jpg 768w, https:\/\/mariselavasquez.es\/wp-content\/uploads\/2025\/01\/RAB_9459-1536x1025.jpg 1536w, https:\/\/mariselavasquez.es\/wp-content\/uploads\/2025\/01\/RAB_9459-2048x1367.jpg 2048w, https:\/\/mariselavasquez.es\/wp-content\/uploads\/2025\/01\/RAB_9459-18x12.jpg 18w\" sizes=\"(max-width: 2560px) 100vw, 2560px\" \/>\t\t\t\t\t\t\t\t\t\t\t\t\t<\/div>\n\t\t\t\t<\/div>\n\t\t\t\t\t<\/div>\n\t\t\t\t<\/div>\n\t\t<div class=\"elementor-element elementor-element-cc4b590 e-flex e-con-boxed e-con e-parent\" data-id=\"cc4b590\" data-element_type=\"container\">\n\t\t\t\t\t<div class=\"e-con-inner\">\n\t\t\t\t<div class=\"elementor-element elementor-element-d9d2c08 elementor-align-right elementor-tablet-align-left elementor-widget elementor-widget-button\" data-id=\"d9d2c08\" data-element_type=\"widget\" data-widget_type=\"button.default\">\n\t\t\t\t<div class=\"elementor-widget-container\">\n\t\t\t\t\t\t\t<div class=\"elementor-button-wrapper\">\n\t\t\t\t\t<a class=\"elementor-button elementor-button-link elementor-size-md\" href=\"https:\/\/mariselavasquez.es\/en\/services\/\">\n\t\t\t\t\t\t<span class=\"elementor-button-content-wrapper\">\n\t\t\t\t\t\t<span class=\"elementor-button-icon\">\n\t\t\t\t<svg aria-hidden=\"true\" class=\"e-font-icon-svg e-fas-arrow-left\" viewbox=\"0 0 448 512\" xmlns=\"http:\/\/www.w3.org\/2000\/svg\"><path d=\"M257.5 445.1l-22.2 22.2c-9.4 9.4-24.6 9.4-33.9 0L7 273c-9.4-9.4-9.4-24.6 0-33.9L201.4 44.7c9.4-9.4 24.6-9.4 33.9 0l22.2 22.2c9.5 9.5 9.3 25-.4 34.3L136.6 216H424c13.3 0 24 10.7 24 24v32c0 13.3-10.7 24-24 24H136.6l120.5 114.8c9.8 9.3 10 24.8.4 34.3z\"><\/path><\/svg>\t\t\t<\/span>\n\t\t\t\t\t\t\t\t\t<span class=\"elementor-button-text\">Volver atr\u00e1s <\/span>\n\t\t\t\t\t<\/span>\n\t\t\t\t\t<\/a>\n\t\t\t\t<\/div>\n\t\t\t\t\t\t<\/div>\n\t\t\t\t<\/div>\n\t\t\t\t\t<\/div>\n\t\t\t\t<\/div>\n\t\t<div class=\"elementor-element elementor-element-1e9e451 e-flex e-con-boxed e-con e-parent\" data-id=\"1e9e451\" data-element_type=\"container\">\n\t\t\t\t\t<div class=\"e-con-inner\">\n\t\t<div class=\"elementor-element elementor-element-b9e1758 e-con-full e-flex e-con e-child\" data-id=\"b9e1758\" data-element_type=\"container\">\n\t\t\t\t<div class=\"elementor-element elementor-element-00fac34 elementor-widget elementor-widget-heading\" data-id=\"00fac34\" data-element_type=\"widget\" data-widget_type=\"heading.default\">\n\t\t\t\t<div class=\"elementor-widget-container\">\n\t\t\t<h2 class=\"elementor-heading-title elementor-size-default\">Mentor\u00eda estrat\u00e9gica 1:1<\/h2>\t\t<\/div>\n\t\t\t\t<\/div>\n\t\t\t\t<div class=\"elementor-element elementor-element-46ec136 elementor-widget elementor-widget-text-editor\" data-id=\"46ec136\" data-element_type=\"widget\" data-widget_type=\"text-editor.default\">\n\t\t\t\t<div class=\"elementor-widget-container\">\n\t\t\t\t\t\t\t<p data-start=\"252\" data-end=\"357\">Te ayudo a estructurar tu negocio, tomar decisiones y salir con una hoja de ruta accionable.<\/p><p data-start=\"359\" data-end=\"486\">Trabajo con personas que empiezan desde cero y con negocios en marcha que necesitan reestructurar o desbloquear su crecimiento.<\/p><p data-start=\"359\" data-end=\"486\">Revisa c\u00f3mo estructuramos un negocio viable en 5 sesiones:\u00a0<a href=\"https:\/\/drive.google.com\/file\/d\/1purJRO3F88IFwhPq-cfc_P1gAFaYW2nv\/view?usp=sharing\">Descargar dossier<\/a><\/p>\t\t\t\t\t\t<\/div>\n\t\t\t\t<\/div>\n\t\t\t\t<div class=\"elementor-element elementor-element-b843401 elementor-tablet-align-center elementor-widget-mobile__width-inherit elementor-align-left elementor-widget__width-initial elementor-hidden-mobile elementor-invisible elementor-widget elementor-widget-button\" data-id=\"b843401\" data-element_type=\"widget\" data-settings=\"{&quot;_animation&quot;:&quot;fadeInDown&quot;}\" data-widget_type=\"button.default\">\n\t\t\t\t<div class=\"elementor-widget-container\">\n\t\t\t\t\t\t\t<div class=\"elementor-button-wrapper\">\n\t\t\t\t\t<a class=\"elementor-button elementor-button-link elementor-size-sm\" href=\"https:\/\/mariselavasquez.es\/en\/contacto\/\">\n\t\t\t\t\t\t<span class=\"elementor-button-content-wrapper\">\n\t\t\t\t\t\t\t\t\t<span class=\"elementor-button-text\">Reservar diagn\u00f3stico<\/span>\n\t\t\t\t\t<\/span>\n\t\t\t\t\t<\/a>\n\t\t\t\t<\/div>\n\t\t\t\t\t\t<\/div>\n\t\t\t\t<\/div>\n\t\t\t\t<div class=\"elementor-element elementor-element-8f05814 elementor-widget elementor-widget-text-editor\" data-id=\"8f05814\" data-element_type=\"widget\" data-widget_type=\"text-editor.default\">\n\t\t\t\t<div class=\"elementor-widget-container\">\n\t\t\t\t\t\t\t<p data-start=\"252\" data-end=\"357\">*Sesi\u00f3n inicial para revisar tu caso y orientarte sin compromiso.<\/p>\t\t\t\t\t\t<\/div>\n\t\t\t\t<\/div>\n\t\t\t\t<\/div>\n\t\t<div class=\"elementor-element elementor-element-5a8418f e-con-full e-flex e-con e-child\" data-id=\"5a8418f\" data-element_type=\"container\">\n\t\t<div class=\"elementor-element elementor-element-c46af57 e-con-full e-flex e-con e-child\" data-id=\"c46af57\" data-element_type=\"container\">\n\t\t\t\t<div class=\"elementor-element elementor-element-cf5254a elementor-widget elementor-widget-heading\" data-id=\"cf5254a\" data-element_type=\"widget\" data-widget_type=\"heading.default\">\n\t\t\t\t<div class=\"elementor-widget-container\">\n\t\t\t<h2 class=\"elementor-heading-title elementor-size-default\">\u00bfEs para ti?<\/h2>\t\t<\/div>\n\t\t\t\t<\/div>\n\t\t\t\t<div class=\"elementor-element elementor-element-9c19e72 elementor-widget elementor-widget-text-editor\" data-id=\"9c19e72\" data-element_type=\"widget\" data-widget_type=\"text-editor.default\">\n\t\t\t\t<div class=\"elementor-widget-container\">\n\t\t\t\t\t\t\t<div class=\"flex flex-col text-sm pb-25\"><article class=\"text-token-text-primary w-full focus:outline-none [--shadow-height:45px] has-data-writing-block:pointer-events-none has-data-writing-block:-mt-(--shadow-height) has-data-writing-block:pt-(--shadow-height) [&amp;:has([data-writing-block])&gt;*]:pointer-events-auto scroll-mt-[calc(var(--header-height)+min(200px,max(70px,20svh)))]\" dir=\"auto\" tabindex=\"-1\" data-turn-id=\"request-WEB:1a43abaa-9427-4cf0-993d-ee598683d44b-45\" data-testid=\"conversation-turn-88\" data-scroll-anchor=\"true\" data-turn=\"assistant\"><div class=\"text-base my-auto mx-auto pb-10 [--thread-content-margin:--spacing(4)] @w-sm\/main:[--thread-content-margin:--spacing(6)] @w-lg\/main:[--thread-content-margin:--spacing(16)] px-(--thread-content-margin)\"><div class=\"[--thread-content-max-width:40rem] @w-lg\/main:[--thread-content-max-width:48rem] mx-auto max-w-(--thread-content-max-width) flex-1 group\/turn-messages focus-visible:outline-hidden relative flex w-full min-w-0 flex-col agent-turn\" tabindex=\"-1\"><div class=\"flex max-w-full flex-col grow\"><div class=\"min-h-8 text-message relative flex w-full flex-col items-end gap-2 text-start break-words whitespace-normal [.text-message+&amp;]:mt-1\" dir=\"auto\" data-message-author-role=\"assistant\" data-message-id=\"6db9ae43-5d4f-4559-ba62-0a19a3370e10\" data-message-model-slug=\"gpt-5-2\"><div class=\"flex w-full flex-col gap-1 empty:hidden first:pt-[1px]\"><div class=\"markdown prose dark:prose-invert w-full wrap-break-word light markdown-new-styling\"><p data-start=\"814\" data-end=\"846\">Esta intervenci\u00f3n es para ti si:<\/p><p data-start=\"850\" data-end=\"907\">\u2013 Est\u00e1s empezando y quieres hacerlo bien desde el inicio.<br data-start=\"698\" data-end=\"701\" \/>\u2013 Tu negocio est\u00e1 en marcha pero se siente estancado.<br data-start=\"754\" data-end=\"757\" \/>\u2013 Has perdido claridad en tu propuesta o posicionamiento.<br data-start=\"814\" data-end=\"817\" \/>\u2013 Trabajas mucho, pero sin resultados proporcionales.<br data-start=\"870\" data-end=\"873\" \/>\u2013 Quieres crecer con estructura, no improvisando.<\/p><\/div><\/div><\/div><\/div><\/div><\/div><\/article><\/div>\t\t\t\t\t\t<\/div>\n\t\t\t\t<\/div>\n\t\t\t\t<div class=\"elementor-element elementor-element-748b771 elementor-widget elementor-widget-text-editor\" data-id=\"748b771\" data-element_type=\"widget\" data-widget_type=\"text-editor.default\">\n\t\t\t\t<div class=\"elementor-widget-container\">\n\t\t\t\t\t\t\t<h3>C\u00f3mo funciona<\/h3><ul><li data-start=\"1143\" data-end=\"1241\">5 sesiones 1:1 de 1,5 h<\/li><li data-start=\"1143\" data-end=\"1241\">Trabajo pr\u00e1ctico y personalizado<\/li><li data-start=\"1143\" data-end=\"1241\">Seguimiento entre sesiones<\/li><\/ul><p>\u00a0<\/p><p data-start=\"1243\" data-end=\"1310\">No son sesiones para hablar.<br data-start=\"1271\" data-end=\"1274\" \/>Son sesiones para decidir y avanzar.<\/p>\t\t\t\t\t\t<\/div>\n\t\t\t\t<\/div>\n\t\t\t\t<\/div>\n\t\t<div class=\"elementor-element elementor-element-7a811cf e-con-full e-flex e-con e-child\" data-id=\"7a811cf\" data-element_type=\"container\">\n\t\t\t\t<div class=\"elementor-element elementor-element-ca81803 elementor-widget elementor-widget-text-editor\" data-id=\"ca81803\" data-element_type=\"widget\" data-widget_type=\"text-editor.default\">\n\t\t\t\t<div class=\"elementor-widget-container\">\n\t\t\t\t\t\t\t<h3 data-start=\"1071\" data-end=\"1089\">\u00bfQu\u00e9 trabajamos?<\/h3><p data-start=\"831\" data-end=\"1048\">\u2714 Propuesta de valor clara y diferenciada<br data-start=\"872\" data-end=\"875\" \/>\u2714 Modelo de negocio coherente y rentable<br data-start=\"915\" data-end=\"918\" \/>\u2714 Estrategia comercial y fuentes de ingresos<br data-start=\"962\" data-end=\"965\" \/>\u2714 Decisiones clave de posicionamiento y crecimiento<br data-start=\"1016\" data-end=\"1019\" \/>\u2714 Plan de acci\u00f3n ejecutable<\/p><p data-start=\"1050\" data-end=\"1118\">Saldr\u00e1s con claridad, prioridades definidas y una hoja de ruta real.<\/p><p data-start=\"1050\" data-end=\"1118\">\u00a0<\/p><h4 data-start=\"1050\" data-end=\"1118\">Inversi\u00f3n:<\/h4><p>Pack completo: 560 \u20ac<br data-start=\"1351\" data-end=\"1354\" \/>Posibilidad de pago fraccionado<\/p>\t\t\t\t\t\t<\/div>\n\t\t\t\t<\/div>\n\t\t\t\t<div class=\"elementor-element elementor-element-dc0f3e6 elementor-tablet-align-center elementor-widget-mobile__width-inherit elementor-align-left elementor-widget__width-initial elementor-hidden-desktop elementor-hidden-tablet elementor-invisible elementor-widget elementor-widget-button\" data-id=\"dc0f3e6\" data-element_type=\"widget\" data-settings=\"{&quot;_animation&quot;:&quot;fadeInDown&quot;}\" data-widget_type=\"button.default\">\n\t\t\t\t<div class=\"elementor-widget-container\">\n\t\t\t\t\t\t\t<div class=\"elementor-button-wrapper\">\n\t\t\t\t\t<a class=\"elementor-button elementor-button-link elementor-size-sm\" href=\"https:\/\/mariselavasquez.es\/en\/services\/\">\n\t\t\t\t\t\t<span class=\"elementor-button-content-wrapper\">\n\t\t\t\t\t\t\t\t\t<span class=\"elementor-button-text\">Hablemos<\/span>\n\t\t\t\t\t<\/span>\n\t\t\t\t\t<\/a>\n\t\t\t\t<\/div>\n\t\t\t\t\t\t<\/div>\n\t\t\t\t<\/div>\n\t\t\t\t<\/div>\n\t\t\t\t<\/div>\n\t\t\t\t\t<\/div>\n\t\t\t\t<\/div>\n\t\t\t\t<\/div>","protected":false},"excerpt":{"rendered":"<p>Volver atr\u00e1s Mentor\u00eda estrat\u00e9gica 1:1 Te ayudo a estructurar tu negocio, tomar decisiones y salir con una hoja de ruta accionable. Trabajo con personas que empiezan desde cero y con negocios en marcha que necesitan reestructurar o desbloquear su crecimiento. Revisa c\u00f3mo estructuramos un negocio viable en 5 sesiones:\u00a0Descargar dossier Reservar diagn\u00f3stico *Sesi\u00f3n inicial para [&hellip;]<\/p>","protected":false},"author":1,"featured_media":0,"parent":54,"menu_order":0,"comment_status":"closed","ping_status":"closed","template":"elementor_header_footer","meta":{"footnotes":""},"class_list":["post-287","page","type-page","status-publish","hentry"],"yoast_head":"<!-- This site is optimized with the Yoast SEO plugin v24.0 - https:\/\/yoast.com\/wordpress\/plugins\/seo\/ -->\n<title>Mentor\u00eda estrat\u00e9gica 1:1 - Marisela Vasquez<\/title>\n<meta name=\"description\" content=\"\u00bfQuieres avanzar con claridad? He acompa\u00f1ado a m\u00e1s de 30 emprendimientos en Barcelona y actualmente soy mentora de startups en Acelera Startup, un programa de Mentor Day e Impact Hub.\" \/>\n<meta name=\"robots\" content=\"index, follow, max-snippet:-1, max-image-preview:large, max-video-preview:-1\" \/>\n<link rel=\"canonical\" href=\"https:\/\/mariselavasquez.es\/en\/services\/mentoria-1-1-para-emprendedores\/\" \/>\n<meta property=\"og:locale\" content=\"en_US\" \/>\n<meta property=\"og:type\" content=\"article\" \/>\n<meta property=\"og:title\" content=\"Mentor\u00eda estrat\u00e9gica 1:1 - Marisela Vasquez\" \/>\n<meta property=\"og:description\" content=\"\u00bfQuieres avanzar con claridad? He acompa\u00f1ado a m\u00e1s de 30 emprendimientos en Barcelona y actualmente soy mentora de startups en Acelera Startup, un programa de Mentor Day e Impact Hub.\" \/>\n<meta property=\"og:url\" content=\"https:\/\/mariselavasquez.es\/en\/services\/mentoria-1-1-para-emprendedores\/\" \/>\n<meta property=\"og:site_name\" content=\"Marisela Vasquez\" \/>\n<meta property=\"article:modified_time\" content=\"2026-03-09T16:35:46+00:00\" \/>\n<meta property=\"og:image\" content=\"https:\/\/mariselavasquez.es\/wp-content\/uploads\/2025\/01\/RAB_9459-scaled.jpg\" \/>\n\t<meta property=\"og:image:width\" content=\"2560\" \/>\n\t<meta property=\"og:image:height\" content=\"1709\" \/>\n\t<meta property=\"og:image:type\" content=\"image\/jpeg\" \/>\n<meta name=\"twitter:card\" content=\"summary_large_image\" \/>\n<meta name=\"twitter:label1\" content=\"Est. reading time\" \/>\n\t<meta name=\"twitter:data1\" content=\"3 minutes\" \/>\n<script type=\"application\/ld+json\" class=\"yoast-schema-graph\">{\"@context\":\"https:\/\/schema.org\",\"@graph\":[{\"@type\":\"WebPage\",\"@id\":\"https:\/\/mariselavasquez.es\/services\/mentoria-1-1-para-emprendedores\/\",\"url\":\"https:\/\/mariselavasquez.es\/services\/mentoria-1-1-para-emprendedores\/\",\"name\":\"Mentor\u00eda estrat\u00e9gica 1:1 - Marisela Vasquez\",\"isPartOf\":{\"@id\":\"https:\/\/mariselavasquez.es\/#website\"},\"primaryImageOfPage\":{\"@id\":\"https:\/\/mariselavasquez.es\/services\/mentoria-1-1-para-emprendedores\/#primaryimage\"},\"image\":{\"@id\":\"https:\/\/mariselavasquez.es\/services\/mentoria-1-1-para-emprendedores\/#primaryimage\"},\"thumbnailUrl\":\"https:\/\/mariselavasquez.es\/wp-content\/uploads\/2025\/01\/RAB_9459-scaled.jpg\",\"datePublished\":\"2024-11-22T00:07:34+00:00\",\"dateModified\":\"2026-03-09T16:35:46+00:00\",\"description\":\"\u00bfQuieres avanzar con claridad? He acompa\u00f1ado a m\u00e1s de 30 emprendimientos en Barcelona y actualmente soy mentora de startups en Acelera Startup, un programa de Mentor Day e Impact Hub.\",\"breadcrumb\":{\"@id\":\"https:\/\/mariselavasquez.es\/services\/mentoria-1-1-para-emprendedores\/#breadcrumb\"},\"inLanguage\":\"en-US\",\"potentialAction\":[{\"@type\":\"ReadAction\",\"target\":[\"https:\/\/mariselavasquez.es\/services\/mentoria-1-1-para-emprendedores\/\"]}]},{\"@type\":\"ImageObject\",\"inLanguage\":\"en-US\",\"@id\":\"https:\/\/mariselavasquez.es\/services\/mentoria-1-1-para-emprendedores\/#primaryimage\",\"url\":\"https:\/\/mariselavasquez.es\/wp-content\/uploads\/2025\/01\/RAB_9459-scaled.jpg\",\"contentUrl\":\"https:\/\/mariselavasquez.es\/wp-content\/uploads\/2025\/01\/RAB_9459-scaled.jpg\"},{\"@type\":\"BreadcrumbList\",\"@id\":\"https:\/\/mariselavasquez.es\/services\/mentoria-1-1-para-emprendedores\/#breadcrumb\",\"itemListElement\":[{\"@type\":\"ListItem\",\"position\":1,\"name\":\"Home\",\"item\":\"https:\/\/mariselavasquez.es\/\"},{\"@type\":\"ListItem\",\"position\":2,\"name\":\"Servicios\",\"item\":\"https:\/\/mariselavasquez.es\/services\/\"},{\"@type\":\"ListItem\",\"position\":3,\"name\":\"Mentor\u00eda estrat\u00e9gica 1:1\"}]},{\"@type\":\"WebSite\",\"@id\":\"https:\/\/mariselavasquez.es\/#website\",\"url\":\"https:\/\/mariselavasquez.es\/\",\"name\":\"Marisela Vasquez\",\"description\":\"\",\"publisher\":{\"@id\":\"https:\/\/mariselavasquez.es\/#organization\"},\"potentialAction\":[{\"@type\":\"SearchAction\",\"target\":{\"@type\":\"EntryPoint\",\"urlTemplate\":\"https:\/\/mariselavasquez.es\/?s={search_term_string}\"},\"query-input\":{\"@type\":\"PropertyValueSpecification\",\"valueRequired\":true,\"valueName\":\"search_term_string\"}}],\"inLanguage\":\"en-US\"},{\"@type\":\"Organization\",\"@id\":\"https:\/\/mariselavasquez.es\/#organization\",\"name\":\"Marisela Vasquez\",\"url\":\"https:\/\/mariselavasquez.es\/\",\"logo\":{\"@type\":\"ImageObject\",\"inLanguage\":\"en-US\",\"@id\":\"https:\/\/mariselavasquez.es\/#\/schema\/logo\/image\/\",\"url\":\"https:\/\/mariselavasquez.es\/wp-content\/uploads\/2024\/11\/Marisela-Logo-azul-.png\",\"contentUrl\":\"https:\/\/mariselavasquez.es\/wp-content\/uploads\/2024\/11\/Marisela-Logo-azul-.png\",\"width\":527,\"height\":194,\"caption\":\"Marisela Vasquez\"},\"image\":{\"@id\":\"https:\/\/mariselavasquez.es\/#\/schema\/logo\/image\/\"}}]}<\/script>\n<!-- \/ Yoast SEO plugin. -->","yoast_head_json":{"title":"Mentor\u00eda estrat\u00e9gica 1:1 - Marisela Vasquez","description":"\u00bfQuieres avanzar con claridad? He acompa\u00f1ado a m\u00e1s de 30 emprendimientos en Barcelona y actualmente soy mentora de startups en Acelera Startup, un programa de Mentor Day e Impact Hub.","robots":{"index":"index","follow":"follow","max-snippet":"max-snippet:-1","max-image-preview":"max-image-preview:large","max-video-preview":"max-video-preview:-1"},"canonical":"https:\/\/mariselavasquez.es\/en\/services\/mentoria-1-1-para-emprendedores\/","og_locale":"en_US","og_type":"article","og_title":"Mentor\u00eda estrat\u00e9gica 1:1 - Marisela Vasquez","og_description":"\u00bfQuieres avanzar con claridad? He acompa\u00f1ado a m\u00e1s de 30 emprendimientos en Barcelona y actualmente soy mentora de startups en Acelera Startup, un programa de Mentor Day e Impact Hub.","og_url":"https:\/\/mariselavasquez.es\/en\/services\/mentoria-1-1-para-emprendedores\/","og_site_name":"Marisela Vasquez","article_modified_time":"2026-03-09T16:35:46+00:00","og_image":[{"width":2560,"height":1709,"url":"https:\/\/mariselavasquez.es\/wp-content\/uploads\/2025\/01\/RAB_9459-scaled.jpg","type":"image\/jpeg"}],"twitter_card":"summary_large_image","twitter_misc":{"Est. reading time":"3 minutes"},"schema":{"@context":"https:\/\/schema.org","@graph":[{"@type":"WebPage","@id":"https:\/\/mariselavasquez.es\/services\/mentoria-1-1-para-emprendedores\/","url":"https:\/\/mariselavasquez.es\/services\/mentoria-1-1-para-emprendedores\/","name":"Mentor\u00eda estrat\u00e9gica 1:1 - Marisela Vasquez","isPartOf":{"@id":"https:\/\/mariselavasquez.es\/#website"},"primaryImageOfPage":{"@id":"https:\/\/mariselavasquez.es\/services\/mentoria-1-1-para-emprendedores\/#primaryimage"},"image":{"@id":"https:\/\/mariselavasquez.es\/services\/mentoria-1-1-para-emprendedores\/#primaryimage"},"thumbnailUrl":"https:\/\/mariselavasquez.es\/wp-content\/uploads\/2025\/01\/RAB_9459-scaled.jpg","datePublished":"2024-11-22T00:07:34+00:00","dateModified":"2026-03-09T16:35:46+00:00","description":"\u00bfQuieres avanzar con claridad? He acompa\u00f1ado a m\u00e1s de 30 emprendimientos en Barcelona y actualmente soy mentora de startups en Acelera Startup, un programa de Mentor Day e Impact Hub.","breadcrumb":{"@id":"https:\/\/mariselavasquez.es\/services\/mentoria-1-1-para-emprendedores\/#breadcrumb"},"inLanguage":"en-US","potentialAction":[{"@type":"ReadAction","target":["https:\/\/mariselavasquez.es\/services\/mentoria-1-1-para-emprendedores\/"]}]},{"@type":"ImageObject","inLanguage":"en-US","@id":"https:\/\/mariselavasquez.es\/services\/mentoria-1-1-para-emprendedores\/#primaryimage","url":"https:\/\/mariselavasquez.es\/wp-content\/uploads\/2025\/01\/RAB_9459-scaled.jpg","contentUrl":"https:\/\/mariselavasquez.es\/wp-content\/uploads\/2025\/01\/RAB_9459-scaled.jpg"},{"@type":"BreadcrumbList","@id":"https:\/\/mariselavasquez.es\/services\/mentoria-1-1-para-emprendedores\/#breadcrumb","itemListElement":[{"@type":"ListItem","position":1,"name":"Home","item":"https:\/\/mariselavasquez.es\/"},{"@type":"ListItem","position":2,"name":"Servicios","item":"https:\/\/mariselavasquez.es\/services\/"},{"@type":"ListItem","position":3,"name":"Mentor\u00eda estrat\u00e9gica 1:1"}]},{"@type":"WebSite","@id":"https:\/\/mariselavasquez.es\/#website","url":"https:\/\/mariselavasquez.es\/","name":"Marisela Vasquez","description":"","publisher":{"@id":"https:\/\/mariselavasquez.es\/#organization"},"potentialAction":[{"@type":"SearchAction","target":{"@type":"EntryPoint","urlTemplate":"https:\/\/mariselavasquez.es\/?s={search_term_string}"},"query-input":{"@type":"PropertyValueSpecification","valueRequired":true,"valueName":"search_term_string"}}],"inLanguage":"en-US"},{"@type":"Organization","@id":"https:\/\/mariselavasquez.es\/#organization","name":"Marisela Vasquez","url":"https:\/\/mariselavasquez.es\/","logo":{"@type":"ImageObject","inLanguage":"en-US","@id":"https:\/\/mariselavasquez.es\/#\/schema\/logo\/image\/","url":"https:\/\/mariselavasquez.es\/wp-content\/uploads\/2024\/11\/Marisela-Logo-azul-.png","contentUrl":"https:\/\/mariselavasquez.es\/wp-content\/uploads\/2024\/11\/Marisela-Logo-azul-.png","width":527,"height":194,"caption":"Marisela Vasquez"},"image":{"@id":"https:\/\/mariselavasquez.es\/#\/schema\/logo\/image\/"}}]}},"_links":{"self":[{"href":"https:\/\/mariselavasquez.es\/en\/wp-json\/wp\/v2\/pages\/287","targetHints":{"allow":["GET"]}}],"collection":[{"href":"https:\/\/mariselavasquez.es\/en\/wp-json\/wp\/v2\/pages"}],"about":[{"href":"https:\/\/mariselavasquez.es\/en\/wp-json\/wp\/v2\/types\/page"}],"author":[{"embeddable":true,"href":"https:\/\/mariselavasquez.es\/en\/wp-json\/wp\/v2\/users\/1"}],"replies":[{"embeddable":true,"href":"https:\/\/mariselavasquez.es\/en\/wp-json\/wp\/v2\/comments?post=287"}],"version-history":[{"count":105,"href":"https:\/\/mariselavasquez.es\/en\/wp-json\/wp\/v2\/pages\/287\/revisions"}],"predecessor-version":[{"id":2309,"href":"https:\/\/mariselavasquez.es\/en\/wp-json\/wp\/v2\/pages\/287\/revisions\/2309"}],"up":[{"embeddable":true,"href":"https:\/\/mariselavasquez.es\/en\/wp-json\/wp\/v2\/pages\/54"}],"wp:attachment":[{"href":"https:\/\/mariselavasquez.es\/en\/wp-json\/wp\/v2\/media?parent=287"}],"curies":[{"name":"wp","href":"https:\/\/api.w.org\/{rel}","templated":true}]}}