{"id":266,"date":"2024-11-21T23:20:04","date_gmt":"2024-11-21T23:20:04","guid":{"rendered":"https:\/\/mariselavasquez.es\/?page_id=266"},"modified":"2026-02-23T14:11:43","modified_gmt":"2026-02-23T14:11:43","slug":"financiacion-emprendedores","status":"publish","type":"page","link":"https:\/\/mariselavasquez.es\/en\/services\/financiacion-emprendedores\/","title":{"rendered":"Negocio financiado"},"content":{"rendered":"<div data-elementor-type=\"wp-page\" data-elementor-id=\"266\" class=\"elementor elementor-266\" data-elementor-post-type=\"page\">\n\t\t\t\t<div class=\"elementor-element elementor-element-d4b3a83 e-flex e-con-boxed e-con e-parent\" data-id=\"d4b3a83\" data-element_type=\"container\">\n\t\t\t\t\t<div class=\"e-con-inner\">\n\t\t\t\t<div class=\"elementor-element elementor-element-49a9d1e elementor-widget elementor-widget-image\" data-id=\"49a9d1e\" data-element_type=\"widget\" data-settings=\"{&quot;motion_fx_motion_fx_scrolling&quot;:&quot;yes&quot;,&quot;motion_fx_scale_effect&quot;:&quot;yes&quot;,&quot;motion_fx_scale_speed&quot;:{&quot;unit&quot;:&quot;px&quot;,&quot;size&quot;:2,&quot;sizes&quot;:[]},&quot;motion_fx_scale_range&quot;:{&quot;unit&quot;:&quot;%&quot;,&quot;size&quot;:&quot;&quot;,&quot;sizes&quot;:{&quot;start&quot;:65,&quot;end&quot;:100}},&quot;motion_fx_scale_direction&quot;:&quot;out-in&quot;,&quot;motion_fx_devices&quot;:[&quot;desktop&quot;,&quot;tablet&quot;,&quot;mobile&quot;]}\" data-widget_type=\"image.default\">\n\t\t\t\t<div class=\"elementor-widget-container\">\n\t\t\t\t\t\t\t\t\t\t\t\t\t<img fetchpriority=\"high\" decoding=\"async\" width=\"2560\" height=\"1709\" src=\"https:\/\/mariselavasquez.es\/wp-content\/uploads\/2024\/12\/RAB_9437-1-scaled.jpg\" class=\"attachment-full size-full wp-image-1109\" alt=\"\" srcset=\"https:\/\/mariselavasquez.es\/wp-content\/uploads\/2024\/12\/RAB_9437-1-scaled.jpg 2560w, https:\/\/mariselavasquez.es\/wp-content\/uploads\/2024\/12\/RAB_9437-1-300x200.jpg 300w, https:\/\/mariselavasquez.es\/wp-content\/uploads\/2024\/12\/RAB_9437-1-1024x683.jpg 1024w, https:\/\/mariselavasquez.es\/wp-content\/uploads\/2024\/12\/RAB_9437-1-768x513.jpg 768w, https:\/\/mariselavasquez.es\/wp-content\/uploads\/2024\/12\/RAB_9437-1-1536x1025.jpg 1536w, https:\/\/mariselavasquez.es\/wp-content\/uploads\/2024\/12\/RAB_9437-1-2048x1367.jpg 2048w, https:\/\/mariselavasquez.es\/wp-content\/uploads\/2024\/12\/RAB_9437-1-18x12.jpg 18w\" sizes=\"(max-width: 2560px) 100vw, 2560px\" \/>\t\t\t\t\t\t\t\t\t\t\t\t\t<\/div>\n\t\t\t\t<\/div>\n\t\t\t\t\t<\/div>\n\t\t\t\t<\/div>\n\t\t<div class=\"elementor-element elementor-element-a4758d2 e-flex e-con-boxed e-con e-parent\" data-id=\"a4758d2\" data-element_type=\"container\">\n\t\t\t\t\t<div class=\"e-con-inner\">\n\t\t\t\t<div class=\"elementor-element elementor-element-0c1cae1 elementor-align-right elementor-widget elementor-widget-button\" data-id=\"0c1cae1\" data-element_type=\"widget\" data-widget_type=\"button.default\">\n\t\t\t\t<div class=\"elementor-widget-container\">\n\t\t\t\t\t\t\t<div class=\"elementor-button-wrapper\">\n\t\t\t\t\t<a class=\"elementor-button elementor-button-link elementor-size-md\" href=\"https:\/\/mariselavasquez.es\/en\/services\/\">\n\t\t\t\t\t\t<span class=\"elementor-button-content-wrapper\">\n\t\t\t\t\t\t<span class=\"elementor-button-icon\">\n\t\t\t\t<svg aria-hidden=\"true\" class=\"e-font-icon-svg e-fas-arrow-left\" viewbox=\"0 0 448 512\" xmlns=\"http:\/\/www.w3.org\/2000\/svg\"><path d=\"M257.5 445.1l-22.2 22.2c-9.4 9.4-24.6 9.4-33.9 0L7 273c-9.4-9.4-9.4-24.6 0-33.9L201.4 44.7c9.4-9.4 24.6-9.4 33.9 0l22.2 22.2c9.5 9.5 9.3 25-.4 34.3L136.6 216H424c13.3 0 24 10.7 24 24v32c0 13.3-10.7 24-24 24H136.6l120.5 114.8c9.8 9.3 10 24.8.4 34.3z\"><\/path><\/svg>\t\t\t<\/span>\n\t\t\t\t\t\t\t\t\t<span class=\"elementor-button-text\">Volver atr\u00e1s <\/span>\n\t\t\t\t\t<\/span>\n\t\t\t\t\t<\/a>\n\t\t\t\t<\/div>\n\t\t\t\t\t\t<\/div>\n\t\t\t\t<\/div>\n\t\t\t\t\t<\/div>\n\t\t\t\t<\/div>\n\t\t<div class=\"elementor-element elementor-element-e374782 e-flex e-con-boxed e-con e-parent\" data-id=\"e374782\" data-element_type=\"container\">\n\t\t\t\t\t<div class=\"e-con-inner\">\n\t\t<div class=\"elementor-element elementor-element-9d1a222 e-con-full e-flex e-con e-child\" data-id=\"9d1a222\" data-element_type=\"container\">\n\t\t\t\t<div class=\"elementor-element elementor-element-5724e85 elementor-widget elementor-widget-heading\" data-id=\"5724e85\" data-element_type=\"widget\" data-widget_type=\"heading.default\">\n\t\t\t\t<div class=\"elementor-widget-container\">\n\t\t\t<h2 class=\"elementor-heading-title elementor-size-default\">Negocio financiado (Estrategia + capital)<\/h2>\t\t<\/div>\n\t\t\t\t<\/div>\n\t\t\t\t<div class=\"elementor-element elementor-element-164453b elementor-widget elementor-widget-text-editor\" data-id=\"164453b\" data-element_type=\"widget\" data-widget_type=\"text-editor.default\">\n\t\t\t\t<div class=\"elementor-widget-container\">\n\t\t\t\t\t\t\t<p data-start=\"578\" data-end=\"666\">Convierte tu idea en un negocio viable y financiado, sin endeudarte m\u00e1s de lo necesario.<\/p><p data-start=\"668\" data-end=\"776\">Te acompa\u00f1o desde la estructuraci\u00f3n del modelo hasta la aprobaci\u00f3n de la financiaci\u00f3n y la puesta en marcha.<\/p><p data-start=\"778\" data-end=\"850\">Microcr\u00e9ditos \u00b7 Capitalizaci\u00f3n del paro \u00b7 Estrategia financiera<\/p>\t\t\t\t\t\t<\/div>\n\t\t\t\t<\/div>\n\t\t\t\t<\/div>\n\t\t<div class=\"elementor-element elementor-element-e65f374 e-con-full e-flex e-con e-child\" data-id=\"e65f374\" data-element_type=\"container\">\n\t\t\t\t<div class=\"elementor-element elementor-element-7e2a128 elementor-widget elementor-widget-heading\" data-id=\"7e2a128\" data-element_type=\"widget\" data-widget_type=\"heading.default\">\n\t\t\t\t<div class=\"elementor-widget-container\">\n\t\t\t<h2 class=\"elementor-heading-title elementor-size-default\">Quieres emprender  pero:<\/h2>\t\t<\/div>\n\t\t\t\t<\/div>\n\t\t<div class=\"elementor-element elementor-element-d9055a5 e-con-full e-flex e-con e-child\" data-id=\"d9055a5\" data-element_type=\"container\">\n\t\t\t\t<div class=\"elementor-element elementor-element-72ba69a elementor-widget elementor-widget-text-editor\" data-id=\"72ba69a\" data-element_type=\"widget\" data-widget_type=\"text-editor.default\">\n\t\t\t\t<div class=\"elementor-widget-container\">\n\t\t\t\t\t\t\t<ul data-start=\"964\" data-end=\"1146\"><li data-start=\"964\" data-end=\"1010\"><p data-start=\"966\" data-end=\"1010\">No sabes cu\u00e1nto dinero necesitas realmente<\/p><\/li><li data-start=\"1011\" data-end=\"1044\"><p data-start=\"1013\" data-end=\"1044\">Tienes miedo a endeudarte mal<\/p><\/li><li data-start=\"1045\" data-end=\"1105\"><p data-start=\"1047\" data-end=\"1105\">No entiendes el proceso de capitalizaci\u00f3n o microcr\u00e9dito<\/p><\/li><li data-start=\"1106\" data-end=\"1146\"><p data-start=\"1108\" data-end=\"1146\">No quieres perder tiempo o arriesgarte a que no lo aprueben\u00a0<\/p><\/li><\/ul><p data-start=\"1148\" data-end=\"1173\">Este servicio es para ti.<\/p>\t\t\t\t\t\t<\/div>\n\t\t\t\t<\/div>\n\t\t\t\t<\/div>\n\t\t<div class=\"elementor-element elementor-element-f8dabde e-con-full e-flex e-con e-child\" data-id=\"f8dabde\" data-element_type=\"container\">\n\t\t\t\t<div class=\"elementor-element elementor-element-793be7e elementor-widget elementor-widget-heading\" data-id=\"793be7e\" data-element_type=\"widget\" data-widget_type=\"heading.default\">\n\t\t\t\t<div class=\"elementor-widget-container\">\n\t\t\t<h2 class=\"elementor-heading-title elementor-size-default\">Con este acompa\u00f1amiento:<\/h2>\t\t<\/div>\n\t\t\t\t<\/div>\n\t\t\t\t<div class=\"elementor-element elementor-element-8cbaa81 elementor-widget elementor-widget-text-editor\" data-id=\"8cbaa81\" data-element_type=\"widget\" data-widget_type=\"text-editor.default\">\n\t\t\t\t<div class=\"elementor-widget-container\">\n\t\t\t\t\t\t\t<p data-start=\"1253\" data-end=\"1471\">\u2714 Tendr\u00e1s un modelo de negocio validado<br data-start=\"1292\" data-end=\"1295\" \/>\u2714 Sabr\u00e1s exactamente cu\u00e1nto necesitas para arrancar<br data-start=\"1346\" data-end=\"1349\" \/>\u2714 Tendr\u00e1s un plan financiero con datos y estimaciones\u00a0 reales<br data-start=\"1384\" data-end=\"1387\" \/>\u2714 Presentar\u00e1s la documentaci\u00f3n correctamente<br data-start=\"1431\" data-end=\"1434\" \/>\u2714 Lanzar\u00e1s tu negocio m\u00e1s r\u00e1pido y dando pasos seguros\u00a0<\/p><p data-start=\"1473\" data-end=\"1539\">No solo conseguimos financiaci\u00f3n.<br data-start=\"1506\" data-end=\"1509\" \/>Construimos un negocio viable.<\/p>\t\t\t\t\t\t<\/div>\n\t\t\t\t<\/div>\n\t\t\t\t<\/div>\n\t\t<div class=\"elementor-element elementor-element-fe70341 e-con-full e-flex e-con e-child\" data-id=\"fe70341\" data-element_type=\"container\">\n\t\t<div class=\"elementor-element elementor-element-25d523a e-con-full e-flex e-con e-child\" data-id=\"25d523a\" data-element_type=\"container\">\n\t\t\t\t<div class=\"elementor-element elementor-element-a332de1 elementor-widget elementor-widget-heading\" data-id=\"a332de1\" data-element_type=\"widget\" data-widget_type=\"heading.default\">\n\t\t\t\t<div class=\"elementor-widget-container\">\n\t\t\t<h2 class=\"elementor-heading-title elementor-size-default\">\u00bfQU\u00c9 INCLUYE?<\/h2>\t\t<\/div>\n\t\t\t\t<\/div>\n\t\t\t\t<div class=\"elementor-element elementor-element-2780094 elementor-widget elementor-widget-text-editor\" data-id=\"2780094\" data-element_type=\"widget\" data-widget_type=\"text-editor.default\">\n\t\t\t\t<div class=\"elementor-widget-container\">\n\t\t\t\t\t\t\t<ul data-start=\"1602\" data-end=\"1954\"><li data-start=\"1602\" data-end=\"1651\"><p data-start=\"1604\" data-end=\"1651\">Definici\u00f3n y validaci\u00f3n del modelo de negocio<\/p><\/li><li data-start=\"1652\" data-end=\"1699\"><p data-start=\"1654\" data-end=\"1699\">Plan de empresa profesional (25\u201330 p\u00e1ginas)<\/p><\/li><li data-start=\"1700\" data-end=\"1733\"><p data-start=\"1702\" data-end=\"1733\">Plan financiero de 1 a 3 a\u00f1os<\/p><\/li><li data-start=\"1734\" data-end=\"1778\"><p data-start=\"1736\" data-end=\"1778\">Estrategia de financiaci\u00f3n personalizada<\/p><\/li><li data-start=\"1779\" data-end=\"1832\"><p data-start=\"1781\" data-end=\"1832\">Gesti\u00f3n de microcr\u00e9dito o capitalizaci\u00f3n del paro<\/p><\/li><li data-start=\"1833\" data-end=\"1873\"><p data-start=\"1835\" data-end=\"1873\">Preparaci\u00f3n de toda la documentaci\u00f3n<\/p><\/li><li data-start=\"1874\" data-end=\"1912\"><p data-start=\"1876\" data-end=\"1912\">Acompa\u00f1amiento hasta la resoluci\u00f3n<\/p><\/li><li data-start=\"1913\" data-end=\"1954\"><p data-start=\"1915\" data-end=\"1954\">Acceso a red de proveedores, t\u00e9cnicos e ingenieros para que tu negocio no se quede en el papel.<\/p><\/li><\/ul>\t\t\t\t\t\t<\/div>\n\t\t\t\t<\/div>\n\t\t\t\t<\/div>\n\t\t<div class=\"elementor-element elementor-element-16f4a32 e-con-full e-flex e-con e-child\" data-id=\"16f4a32\" data-element_type=\"container\">\n\t\t\t\t<div class=\"elementor-element elementor-element-9cc9915 elementor-widget elementor-widget-heading\" data-id=\"9cc9915\" data-element_type=\"widget\" data-widget_type=\"heading.default\">\n\t\t\t\t<div class=\"elementor-widget-container\">\n\t\t\t<h2 class=\"elementor-heading-title elementor-size-default\">\u00bfC\u00d3MO TRABAJAREMOS?<\/h2>\t\t<\/div>\n\t\t\t\t<\/div>\n\t\t\t\t<div class=\"elementor-element elementor-element-230fc15 elementor-widget elementor-widget-text-editor\" data-id=\"230fc15\" data-element_type=\"widget\" data-widget_type=\"text-editor.default\">\n\t\t\t\t<div class=\"elementor-widget-container\">\n\t\t\t\t\t\t\t<h3 data-start=\"2061\" data-end=\"2075\">El proceso<\/h3><p data-start=\"2077\" data-end=\"2313\">1\ufe0f\u20e3 Analizamos tu idea y definimos la inversi\u00f3n m\u00ednima viable<br data-start=\"2138\" data-end=\"2141\" \/>2\ufe0f\u20e3 Dise\u00f1amos modelo, plan financiero y estrategia de financiaci\u00f3n<br data-start=\"2207\" data-end=\"2210\" \/>3\ufe0f\u20e3 Preparamos la solicitud correctamente<br data-start=\"2251\" data-end=\"2254\" \/>4\ufe0f\u20e3 Te acompa\u00f1o hasta la aprobaci\u00f3n y la puesta en marcha<\/p><p data-start=\"2315\" data-end=\"2375\">Sin improvisaciones.<br data-start=\"2335\" data-end=\"2338\" \/>Sin sobreendeudamiento.<br data-start=\"2361\" data-end=\"2364\" \/>Sin rodeos.<\/p><p data-start=\"2315\" data-end=\"2375\">\u00a0<\/p><h5 data-start=\"2315\" data-end=\"2375\">Solo trabajo proyectos con opciones reales de aprobaci\u00f3n.<\/h5>\t\t\t\t\t\t<\/div>\n\t\t\t\t<\/div>\n\t\t\t\t<\/div>\n\t\t\t\t<\/div>\n\t\t\t\t<div class=\"elementor-element elementor-element-ce981d9 elementor-tablet-align-center elementor-widget-mobile__width-inherit elementor-align-center elementor-widget__width-initial elementor-invisible elementor-widget elementor-widget-button\" data-id=\"ce981d9\" data-element_type=\"widget\" data-settings=\"{&quot;_animation&quot;:&quot;fadeInDown&quot;}\" data-widget_type=\"button.default\">\n\t\t\t\t<div class=\"elementor-widget-container\">\n\t\t\t\t\t\t\t<div class=\"elementor-button-wrapper\">\n\t\t\t\t\t<a class=\"elementor-button elementor-button-link elementor-size-sm\" href=\"https:\/\/mariselavasquez.es\/en\/contacto\/\">\n\t\t\t\t\t\t<span class=\"elementor-button-content-wrapper\">\n\t\t\t\t\t\t\t\t\t<span class=\"elementor-button-text\">Agenda tu diagn\u00f3stico<\/span>\n\t\t\t\t\t<\/span>\n\t\t\t\t\t<\/a>\n\t\t\t\t<\/div>\n\t\t\t\t\t\t<\/div>\n\t\t\t\t<\/div>\n\t\t\t\t<\/div>\n\t\t\t\t\t<\/div>\n\t\t\t\t<\/div>\n\t\t\t\t<\/div>","protected":false},"excerpt":{"rendered":"<p>Volver atr\u00e1s Negocio financiado (Estrategia + capital) Convierte tu idea en un negocio viable y financiado, sin endeudarte m\u00e1s de lo necesario. Te acompa\u00f1o desde la estructuraci\u00f3n del modelo hasta la aprobaci\u00f3n de la financiaci\u00f3n y la puesta en marcha. Microcr\u00e9ditos \u00b7 Capitalizaci\u00f3n del paro \u00b7 Estrategia financiera Quieres emprender pero: No sabes cu\u00e1nto dinero [&hellip;]<\/p>","protected":false},"author":1,"featured_media":0,"parent":54,"menu_order":0,"comment_status":"closed","ping_status":"closed","template":"elementor_header_footer","meta":{"footnotes":""},"class_list":["post-266","page","type-page","status-publish","hentry"],"yoast_head":"<!-- This site is optimized with the Yoast SEO plugin v24.0 - https:\/\/yoast.com\/wordpress\/plugins\/seo\/ -->\n<title>Negocio financiado - Marisela Vasquez<\/title>\n<meta name=\"description\" content=\"\u00bfNecesitas recursos para poner en marcha tu negocio? Te ayudo a crear un plan de negocio para obtener el certificado de viabilidad y acceder a hasta 100.000\u20ac con condiciones especiales.\" \/>\n<meta name=\"robots\" content=\"index, follow, max-snippet:-1, max-image-preview:large, max-video-preview:-1\" \/>\n<link rel=\"canonical\" href=\"https:\/\/mariselavasquez.es\/en\/services\/financiacion-emprendedores\/\" \/>\n<meta property=\"og:locale\" content=\"en_US\" \/>\n<meta property=\"og:type\" content=\"article\" \/>\n<meta property=\"og:title\" content=\"Negocio financiado - Marisela Vasquez\" \/>\n<meta property=\"og:description\" content=\"\u00bfNecesitas recursos para poner en marcha tu negocio? Te ayudo a crear un plan de negocio para obtener el certificado de viabilidad y acceder a hasta 100.000\u20ac con condiciones especiales.\" \/>\n<meta property=\"og:url\" content=\"https:\/\/mariselavasquez.es\/en\/services\/financiacion-emprendedores\/\" \/>\n<meta property=\"og:site_name\" content=\"Marisela Vasquez\" \/>\n<meta property=\"article:modified_time\" content=\"2026-02-23T14:11:43+00:00\" \/>\n<meta property=\"og:image\" content=\"https:\/\/mariselavasquez.es\/wp-content\/uploads\/2024\/12\/RAB_9437-1-scaled.jpg\" \/>\n<meta name=\"twitter:card\" content=\"summary_large_image\" \/>\n<meta name=\"twitter:label1\" content=\"Est. reading time\" \/>\n\t<meta name=\"twitter:data1\" content=\"2 minutes\" \/>\n<script type=\"application\/ld+json\" class=\"yoast-schema-graph\">{\"@context\":\"https:\/\/schema.org\",\"@graph\":[{\"@type\":\"WebPage\",\"@id\":\"https:\/\/mariselavasquez.es\/services\/financiacion-emprendedores\/\",\"url\":\"https:\/\/mariselavasquez.es\/services\/financiacion-emprendedores\/\",\"name\":\"Negocio financiado - Marisela Vasquez\",\"isPartOf\":{\"@id\":\"https:\/\/mariselavasquez.es\/#website\"},\"primaryImageOfPage\":{\"@id\":\"https:\/\/mariselavasquez.es\/services\/financiacion-emprendedores\/#primaryimage\"},\"image\":{\"@id\":\"https:\/\/mariselavasquez.es\/services\/financiacion-emprendedores\/#primaryimage\"},\"thumbnailUrl\":\"https:\/\/mariselavasquez.es\/wp-content\/uploads\/2024\/12\/RAB_9437-1-scaled.jpg\",\"datePublished\":\"2024-11-21T23:20:04+00:00\",\"dateModified\":\"2026-02-23T14:11:43+00:00\",\"description\":\"\u00bfNecesitas recursos para poner en marcha tu negocio? Te ayudo a crear un plan de negocio para obtener el certificado de viabilidad y acceder a hasta 100.000\u20ac con condiciones especiales.\",\"breadcrumb\":{\"@id\":\"https:\/\/mariselavasquez.es\/services\/financiacion-emprendedores\/#breadcrumb\"},\"inLanguage\":\"en-US\",\"potentialAction\":[{\"@type\":\"ReadAction\",\"target\":[\"https:\/\/mariselavasquez.es\/services\/financiacion-emprendedores\/\"]}]},{\"@type\":\"ImageObject\",\"inLanguage\":\"en-US\",\"@id\":\"https:\/\/mariselavasquez.es\/services\/financiacion-emprendedores\/#primaryimage\",\"url\":\"https:\/\/mariselavasquez.es\/wp-content\/uploads\/2024\/12\/RAB_9437-1-scaled.jpg\",\"contentUrl\":\"https:\/\/mariselavasquez.es\/wp-content\/uploads\/2024\/12\/RAB_9437-1-scaled.jpg\"},{\"@type\":\"BreadcrumbList\",\"@id\":\"https:\/\/mariselavasquez.es\/services\/financiacion-emprendedores\/#breadcrumb\",\"itemListElement\":[{\"@type\":\"ListItem\",\"position\":1,\"name\":\"Home\",\"item\":\"https:\/\/mariselavasquez.es\/\"},{\"@type\":\"ListItem\",\"position\":2,\"name\":\"Servicios\",\"item\":\"https:\/\/mariselavasquez.es\/services\/\"},{\"@type\":\"ListItem\",\"position\":3,\"name\":\"Negocio financiado\"}]},{\"@type\":\"WebSite\",\"@id\":\"https:\/\/mariselavasquez.es\/#website\",\"url\":\"https:\/\/mariselavasquez.es\/\",\"name\":\"Marisela Vasquez\",\"description\":\"\",\"publisher\":{\"@id\":\"https:\/\/mariselavasquez.es\/#organization\"},\"potentialAction\":[{\"@type\":\"SearchAction\",\"target\":{\"@type\":\"EntryPoint\",\"urlTemplate\":\"https:\/\/mariselavasquez.es\/?s={search_term_string}\"},\"query-input\":{\"@type\":\"PropertyValueSpecification\",\"valueRequired\":true,\"valueName\":\"search_term_string\"}}],\"inLanguage\":\"en-US\"},{\"@type\":\"Organization\",\"@id\":\"https:\/\/mariselavasquez.es\/#organization\",\"name\":\"Marisela Vasquez\",\"url\":\"https:\/\/mariselavasquez.es\/\",\"logo\":{\"@type\":\"ImageObject\",\"inLanguage\":\"en-US\",\"@id\":\"https:\/\/mariselavasquez.es\/#\/schema\/logo\/image\/\",\"url\":\"https:\/\/mariselavasquez.es\/wp-content\/uploads\/2024\/11\/Marisela-Logo-azul-.png\",\"contentUrl\":\"https:\/\/mariselavasquez.es\/wp-content\/uploads\/2024\/11\/Marisela-Logo-azul-.png\",\"width\":527,\"height\":194,\"caption\":\"Marisela Vasquez\"},\"image\":{\"@id\":\"https:\/\/mariselavasquez.es\/#\/schema\/logo\/image\/\"}}]}<\/script>\n<!-- \/ Yoast SEO plugin. -->","yoast_head_json":{"title":"Negocio financiado - Marisela Vasquez","description":"\u00bfNecesitas recursos para poner en marcha tu negocio? Te ayudo a crear un plan de negocio para obtener el certificado de viabilidad y acceder a hasta 100.000\u20ac con condiciones especiales.","robots":{"index":"index","follow":"follow","max-snippet":"max-snippet:-1","max-image-preview":"max-image-preview:large","max-video-preview":"max-video-preview:-1"},"canonical":"https:\/\/mariselavasquez.es\/en\/services\/financiacion-emprendedores\/","og_locale":"en_US","og_type":"article","og_title":"Negocio financiado - Marisela Vasquez","og_description":"\u00bfNecesitas recursos para poner en marcha tu negocio? Te ayudo a crear un plan de negocio para obtener el certificado de viabilidad y acceder a hasta 100.000\u20ac con condiciones especiales.","og_url":"https:\/\/mariselavasquez.es\/en\/services\/financiacion-emprendedores\/","og_site_name":"Marisela Vasquez","article_modified_time":"2026-02-23T14:11:43+00:00","og_image":[{"url":"https:\/\/mariselavasquez.es\/wp-content\/uploads\/2024\/12\/RAB_9437-1-scaled.jpg","type":"","width":"","height":""}],"twitter_card":"summary_large_image","twitter_misc":{"Est. reading time":"2 minutes"},"schema":{"@context":"https:\/\/schema.org","@graph":[{"@type":"WebPage","@id":"https:\/\/mariselavasquez.es\/services\/financiacion-emprendedores\/","url":"https:\/\/mariselavasquez.es\/services\/financiacion-emprendedores\/","name":"Negocio financiado - Marisela Vasquez","isPartOf":{"@id":"https:\/\/mariselavasquez.es\/#website"},"primaryImageOfPage":{"@id":"https:\/\/mariselavasquez.es\/services\/financiacion-emprendedores\/#primaryimage"},"image":{"@id":"https:\/\/mariselavasquez.es\/services\/financiacion-emprendedores\/#primaryimage"},"thumbnailUrl":"https:\/\/mariselavasquez.es\/wp-content\/uploads\/2024\/12\/RAB_9437-1-scaled.jpg","datePublished":"2024-11-21T23:20:04+00:00","dateModified":"2026-02-23T14:11:43+00:00","description":"\u00bfNecesitas recursos para poner en marcha tu negocio? Te ayudo a crear un plan de negocio para obtener el certificado de viabilidad y acceder a hasta 100.000\u20ac con condiciones especiales.","breadcrumb":{"@id":"https:\/\/mariselavasquez.es\/services\/financiacion-emprendedores\/#breadcrumb"},"inLanguage":"en-US","potentialAction":[{"@type":"ReadAction","target":["https:\/\/mariselavasquez.es\/services\/financiacion-emprendedores\/"]}]},{"@type":"ImageObject","inLanguage":"en-US","@id":"https:\/\/mariselavasquez.es\/services\/financiacion-emprendedores\/#primaryimage","url":"https:\/\/mariselavasquez.es\/wp-content\/uploads\/2024\/12\/RAB_9437-1-scaled.jpg","contentUrl":"https:\/\/mariselavasquez.es\/wp-content\/uploads\/2024\/12\/RAB_9437-1-scaled.jpg"},{"@type":"BreadcrumbList","@id":"https:\/\/mariselavasquez.es\/services\/financiacion-emprendedores\/#breadcrumb","itemListElement":[{"@type":"ListItem","position":1,"name":"Home","item":"https:\/\/mariselavasquez.es\/"},{"@type":"ListItem","position":2,"name":"Servicios","item":"https:\/\/mariselavasquez.es\/services\/"},{"@type":"ListItem","position":3,"name":"Negocio financiado"}]},{"@type":"WebSite","@id":"https:\/\/mariselavasquez.es\/#website","url":"https:\/\/mariselavasquez.es\/","name":"Marisela Vasquez","description":"","publisher":{"@id":"https:\/\/mariselavasquez.es\/#organization"},"potentialAction":[{"@type":"SearchAction","target":{"@type":"EntryPoint","urlTemplate":"https:\/\/mariselavasquez.es\/?s={search_term_string}"},"query-input":{"@type":"PropertyValueSpecification","valueRequired":true,"valueName":"search_term_string"}}],"inLanguage":"en-US"},{"@type":"Organization","@id":"https:\/\/mariselavasquez.es\/#organization","name":"Marisela Vasquez","url":"https:\/\/mariselavasquez.es\/","logo":{"@type":"ImageObject","inLanguage":"en-US","@id":"https:\/\/mariselavasquez.es\/#\/schema\/logo\/image\/","url":"https:\/\/mariselavasquez.es\/wp-content\/uploads\/2024\/11\/Marisela-Logo-azul-.png","contentUrl":"https:\/\/mariselavasquez.es\/wp-content\/uploads\/2024\/11\/Marisela-Logo-azul-.png","width":527,"height":194,"caption":"Marisela Vasquez"},"image":{"@id":"https:\/\/mariselavasquez.es\/#\/schema\/logo\/image\/"}}]}},"_links":{"self":[{"href":"https:\/\/mariselavasquez.es\/en\/wp-json\/wp\/v2\/pages\/266","targetHints":{"allow":["GET"]}}],"collection":[{"href":"https:\/\/mariselavasquez.es\/en\/wp-json\/wp\/v2\/pages"}],"about":[{"href":"https:\/\/mariselavasquez.es\/en\/wp-json\/wp\/v2\/types\/page"}],"author":[{"embeddable":true,"href":"https:\/\/mariselavasquez.es\/en\/wp-json\/wp\/v2\/users\/1"}],"replies":[{"embeddable":true,"href":"https:\/\/mariselavasquez.es\/en\/wp-json\/wp\/v2\/comments?post=266"}],"version-history":[{"count":85,"href":"https:\/\/mariselavasquez.es\/en\/wp-json\/wp\/v2\/pages\/266\/revisions"}],"predecessor-version":[{"id":2268,"href":"https:\/\/mariselavasquez.es\/en\/wp-json\/wp\/v2\/pages\/266\/revisions\/2268"}],"up":[{"embeddable":true,"href":"https:\/\/mariselavasquez.es\/en\/wp-json\/wp\/v2\/pages\/54"}],"wp:attachment":[{"href":"https:\/\/mariselavasquez.es\/en\/wp-json\/wp\/v2\/media?parent=266"}],"curies":[{"name":"wp","href":"https:\/\/api.w.org\/{rel}","templated":true}]}}